{"id":108,"date":"2025-07-05T18:30:36","date_gmt":"2025-07-05T18:30:36","guid":{"rendered":"https:\/\/nm-coach.de\/?page_id=108"},"modified":"2025-11-20T08:34:55","modified_gmt":"2025-11-20T08:34:55","slug":"impressum","status":"publish","type":"page","link":"https:\/\/nm-coach.de\/index.php\/impressum\/","title":{"rendered":"Impressum"},"content":{"rendered":"\n<p><\/p>\n\n\n\n<p>Angaben gem\u00e4\u00df \u00a7 5 TMG:<\/p>\n\n\n\n<p><strong>Nico Meyer<\/strong><br>Lindenweg 22<br>49638 Nortrup<br>Deutschland<\/p>\n\n\n\n<p><\/p>\n\n\n\n<h6 class=\"wp-block-heading\">Kontakt<\/h6>\n\n\n\n<p>E-Mail: <a>nico@nm-coach.de<\/a><\/p>\n\n\n\n<p>Tel. +49 162 1819892<\/p>\n\n\n\n<p><\/p>\n\n\n\n<h6 class=\"wp-block-heading\">Unternehmensform<\/h6>\n\n\n\n<p>Einzelunternehmen (Kleinunternehmer im Sinne von \u00a7 19 UStG)<\/p>\n\n\n\n<p><\/p>\n\n\n\n<h6 class=\"wp-block-heading\">Verantwortlich f\u00fcr den Inhalt nach \u00a7 55 Abs. 2 RStV<\/h6>\n\n\n\n<p><strong>Nico Meyer<\/strong><br>Lindenweg 22<br>49638 Nortrup<\/p>\n\n\n\n<p><\/p>\n\n\n\n<hr class=\"wp-block-separator has-alpha-channel-opacity\"\/>\n\n\n\n<h6 class=\"wp-block-heading\">Hinweis zur Umsatzsteuer<\/h6>\n\n\n\n<p>Als Kleinunternehmer im Sinne von \u00a7 19 UStG wird keine Umsatzsteuer berechnet und daher auch nicht ausgewiesen.<\/p>\n\n\n\n<p><\/p>\n\n\n\n<hr class=\"wp-block-separator has-alpha-channel-opacity\"\/>\n\n\n\n<h6 class=\"wp-block-heading\">Haftungsausschluss (optional, aber empfohlen)<\/h6>\n\n\n\n<p>Trotz sorgf\u00e4ltiger inhaltlicher Kontrolle \u00fcbernehmen wir keine Haftung f\u00fcr die Inhalte externer Links. F\u00fcr den Inhalt verlinkter Seiten sind ausschlie\u00dflich deren Betreiber verantwortlich.<\/p>\n\n\n\n<h6 class=\"wp-block-heading\">Technische Relaisierung und Betreuung<\/h6>\n\n\n\n<p>JOMYTECH Nortrup \/ <a href=\"https:\/\/jomytech.de\">https:\/\/jomytech.de<\/a> \/ <a href=\"mailto:jonas@jomytech.de\">jonas@jomytech.de<\/a><\/p>\n\n\n\n<figure class=\"wp-block-image size-large is-resized\"><img loading=\"lazy\" decoding=\"async\" width=\"1024\" height=\"694\" src=\"https:\/\/nm-coach.de\/wp-content\/uploads\/2025\/11\/noBgBlack-1024x694.png\" alt=\"\" class=\"wp-image-159\" style=\"width:125px;height:auto\" srcset=\"https:\/\/nm-coach.de\/wp-content\/uploads\/2025\/11\/noBgBlack-1024x694.png 1024w, https:\/\/nm-coach.de\/wp-content\/uploads\/2025\/11\/noBgBlack-300x203.png 300w, https:\/\/nm-coach.de\/wp-content\/uploads\/2025\/11\/noBgBlack-768x521.png 768w, https:\/\/nm-coach.de\/wp-content\/uploads\/2025\/11\/noBgBlack-1536x1041.png 1536w, https:\/\/nm-coach.de\/wp-content\/uploads\/2025\/11\/noBgBlack-2048x1388.png 2048w\" sizes=\"auto, (max-width: 1024px) 100vw, 1024px\" \/><\/figure>\n\n\n\n<p><\/p>\n","protected":false},"excerpt":{"rendered":"<p>Angaben gem\u00e4\u00df \u00a7 5 TMG: Nico MeyerLindenweg 2249638 NortrupDeutschland Kontakt E-Mail: nico@nm-coach.de Tel. +49 162 1819892 Unternehmensform Einzelunternehmen (Kleinunternehmer im Sinne von \u00a7 19 UStG) Verantwortlich f\u00fcr den Inhalt nach \u00a7 55 Abs. 2 RStV Nico MeyerLindenweg 2249638 Nortrup Hinweis zur Umsatzsteuer Als Kleinunternehmer im Sinne von \u00a7 19 UStG wird keine Umsatzsteuer berechnet und [&hellip;]<\/p>\n","protected":false},"author":1,"featured_media":0,"parent":0,"menu_order":0,"comment_status":"closed","ping_status":"closed","template":"","meta":{"footnotes":""},"class_list":["post-108","page","type-page","status-publish","hentry"],"_links":{"self":[{"href":"https:\/\/nm-coach.de\/index.php\/wp-json\/wp\/v2\/pages\/108","targetHints":{"allow":["GET"]}}],"collection":[{"href":"https:\/\/nm-coach.de\/index.php\/wp-json\/wp\/v2\/pages"}],"about":[{"href":"https:\/\/nm-coach.de\/index.php\/wp-json\/wp\/v2\/types\/page"}],"author":[{"embeddable":true,"href":"https:\/\/nm-coach.de\/index.php\/wp-json\/wp\/v2\/users\/1"}],"replies":[{"embeddable":true,"href":"https:\/\/nm-coach.de\/index.php\/wp-json\/wp\/v2\/comments?post=108"}],"version-history":[{"count":7,"href":"https:\/\/nm-coach.de\/index.php\/wp-json\/wp\/v2\/pages\/108\/revisions"}],"predecessor-version":[{"id":160,"href":"https:\/\/nm-coach.de\/index.php\/wp-json\/wp\/v2\/pages\/108\/revisions\/160"}],"wp:attachment":[{"href":"https:\/\/nm-coach.de\/index.php\/wp-json\/wp\/v2\/media?parent=108"}],"curies":[{"name":"wp","href":"https:\/\/api.w.org\/{rel}","templated":true}]}}